{"id":994,"date":"2025-09-25T17:03:57","date_gmt":"2025-09-25T17:03:57","guid":{"rendered":"https:\/\/www.fondationparcomega.ca\/conservation-projects\/nest-box-network-project\/"},"modified":"2025-09-25T17:03:57","modified_gmt":"2025-09-25T17:03:57","slug":"nest-box-network-project","status":"publish","type":"page","link":"https:\/\/www.fondationparcomega.ca\/en\/conservation-projects\/nest-box-network-project\/","title":{"rendered":"Nest box network project"},"content":{"rendered":"<div class=\"fusion-fullwidth fullwidth-box fusion-builder-row-1 fusion-flex-container nonhundred-percent-fullwidth non-hundred-percent-height-scrolling\" style=\"--awb-border-radius-top-left:0px;--awb-border-radius-top-right:0px;--awb-border-radius-bottom-right:0px;--awb-border-radius-bottom-left:0px;--awb-margin-top:-60px;--awb-flex-wrap:wrap;\" ><div class=\"fusion-builder-row fusion-row fusion-flex-align-items-flex-start fusion-flex-content-wrap\" style=\"max-width:1248px;margin-left: calc(-4% \/ 2 );margin-right: calc(-4% \/ 2 );\"><div class=\"fusion-layout-column fusion_builder_column fusion-builder-column-0 fusion_builder_column_1_1 1_1 fusion-flex-column\" style=\"--awb-bg-size:cover;--awb-width-large:100%;--awb-margin-top-large:0px;--awb-spacing-right-large:1.92%;--awb-margin-bottom-large:0px;--awb-spacing-left-large:1.92%;--awb-width-medium:100%;--awb-spacing-right-medium:1.92%;--awb-spacing-left-medium:1.92%;--awb-width-small:100%;--awb-spacing-right-small:1.92%;--awb-spacing-left-small:1.92%;\"><div class=\"fusion-column-wrapper fusion-flex-justify-content-flex-start fusion-content-layout-column\"><div class=\"fusion-image-element \" style=\"--awb-margin-bottom:20px;--awb-caption-title-font-family:var(--h2_typography-font-family);--awb-caption-title-font-weight:var(--h2_typography-font-weight);--awb-caption-title-font-style:var(--h2_typography-font-style);--awb-caption-title-size:var(--h2_typography-font-size);--awb-caption-title-transform:var(--h2_typography-text-transform);--awb-caption-title-line-height:var(--h2_typography-line-height);--awb-caption-title-letter-spacing:var(--h2_typography-letter-spacing);\"><span class=\" fusion-imageframe imageframe-none imageframe-1 hover-type-none\"><img decoding=\"async\" width=\"2560\" height=\"1709\" title=\"CONSERVATION-PARCOMEGA-LAUREPOIRET3\" src=\"https:\/\/www.fondationparcomega.ca\/wp-content\/uploads\/2025\/09\/CONSERVATION-PARCOMEGA-LAUREPOIRET3-scaled.jpg\" alt class=\"img-responsive wp-image-950\" srcset=\"https:\/\/www.fondationparcomega.ca\/wp-content\/uploads\/2025\/09\/CONSERVATION-PARCOMEGA-LAUREPOIRET3-200x134.jpg 200w, https:\/\/www.fondationparcomega.ca\/wp-content\/uploads\/2025\/09\/CONSERVATION-PARCOMEGA-LAUREPOIRET3-400x267.jpg 400w, https:\/\/www.fondationparcomega.ca\/wp-content\/uploads\/2025\/09\/CONSERVATION-PARCOMEGA-LAUREPOIRET3-600x401.jpg 600w, https:\/\/www.fondationparcomega.ca\/wp-content\/uploads\/2025\/09\/CONSERVATION-PARCOMEGA-LAUREPOIRET3-800x534.jpg 800w, https:\/\/www.fondationparcomega.ca\/wp-content\/uploads\/2025\/09\/CONSERVATION-PARCOMEGA-LAUREPOIRET3-1200x801.jpg 1200w, https:\/\/www.fondationparcomega.ca\/wp-content\/uploads\/2025\/09\/CONSERVATION-PARCOMEGA-LAUREPOIRET3-scaled.jpg 2560w\" sizes=\"(max-width: 640px) 100vw, 1200px\" \/><\/span><\/div><div class=\"fusion-text fusion-text-1\"><p>The Fondation Parc Om\u00e9ga, in collaboration with Parc Om\u00e9ga and D\u00e9veloppement ornithologique Argenteuil (DOA), has set up a network of nest boxes to support the park&#8217;s cavity-nesting bird species. A total of 27 nest boxes have been installed in strategic locations to provide secure nesting sites for species such as the Eastern Bluebird, Tree Swallow, Wood Duck, Hooded Merganser and Great Blue Heron, among others. <\/p>\n<p>These nesting boxes are monitored annually: they are inspected, repaired if necessary, and their occupancy is documented in order to better understand the dynamics of the species present and the evolution of their use of the territory.<\/p>\n<p>This project plays a concrete role in strengthening local bird populations by offering alternative breeding habitats, in a context where natural cavities are becoming increasingly rare due to the cutting of dead trees and the modification of wetlands. It&#8217;s a simple but effective conservation action on the ground, helping to maintain the region&#8217;s avian biodiversity. <\/p>\n<p>In addition to its direct ecological benefits, this initiative provides an excellent awareness-raising tool for park visitors, demonstrating the importance of active habitat management and harmonious cohabitation with wildlife.<\/p>\n<p><strong>Together, let&#8217;s create a world rich in biodiversity: <\/strong><a href=\"https:\/\/www.canadahelps.org\/fr\/dn\/74931\"><strong>make a donation today<\/strong><strong><\/strong><strong>!<\/strong><\/a><\/p>\n<\/div><\/div><\/div><\/div><\/div>\n","protected":false},"excerpt":{"rendered":"","protected":false},"author":1,"featured_media":0,"parent":745,"menu_order":0,"comment_status":"closed","ping_status":"closed","template":"100-width.php","meta":{"footnotes":""},"class_list":["post-994","page","type-page","status-publish","hentry"],"_links":{"self":[{"href":"https:\/\/www.fondationparcomega.ca\/en\/wp-json\/wp\/v2\/pages\/994","targetHints":{"allow":["GET"]}}],"collection":[{"href":"https:\/\/www.fondationparcomega.ca\/en\/wp-json\/wp\/v2\/pages"}],"about":[{"href":"https:\/\/www.fondationparcomega.ca\/en\/wp-json\/wp\/v2\/types\/page"}],"author":[{"embeddable":true,"href":"https:\/\/www.fondationparcomega.ca\/en\/wp-json\/wp\/v2\/users\/1"}],"replies":[{"embeddable":true,"href":"https:\/\/www.fondationparcomega.ca\/en\/wp-json\/wp\/v2\/comments?post=994"}],"version-history":[{"count":0,"href":"https:\/\/www.fondationparcomega.ca\/en\/wp-json\/wp\/v2\/pages\/994\/revisions"}],"up":[{"embeddable":true,"href":"https:\/\/www.fondationparcomega.ca\/en\/wp-json\/wp\/v2\/pages\/745"}],"wp:attachment":[{"href":"https:\/\/www.fondationparcomega.ca\/en\/wp-json\/wp\/v2\/media?parent=994"}],"curies":[{"name":"wp","href":"https:\/\/api.w.org\/{rel}","templated":true}]}}